{"id":1179,"date":"2023-05-10T08:25:14","date_gmt":"2023-05-10T06:25:14","guid":{"rendered":"https:\/\/maisonmartin.net\/accueil\/"},"modified":"2023-05-26T16:26:46","modified_gmt":"2023-05-26T14:26:46","slug":"accueil","status":"publish","type":"page","link":"https:\/\/maisonmartin.net\/nl\/","title":{"rendered":"Home"},"content":{"rendered":"<p>[et_pb_section fb_built=&#8221;1&#8243; _builder_version=&#8221;4.21.0&#8243; _module_preset=&#8221;default&#8221; width=&#8221;100%&#8221; max_width=&#8221;100%&#8221; min_height=&#8221;100vh&#8221; height=&#8221;100vh&#8221; custom_margin=&#8221;0px||0px||false|false&#8221; custom_padding=&#8221;0px||||false|false&#8221; global_colors_info=&#8221;{}&#8221;][et_pb_row use_custom_gutter=&#8221;on&#8221; gutter_width=&#8221;1&#8243; make_equal=&#8221;on&#8221; _builder_version=&#8221;4.21.0&#8243; _module_preset=&#8221;default&#8221; width=&#8221;100%&#8221; max_width=&#8221;100%&#8221; min_height=&#8221;100vh&#8221; height=&#8221;100vh&#8221; max_height=&#8221;100vh&#8221; custom_margin=&#8221;0px||0px||false|false&#8221; custom_padding=&#8221;0px||0px||false|false&#8221; global_colors_info=&#8221;{}&#8221;][et_pb_column type=&#8221;4_4&#8243; module_class=&#8221;full-screen&#8221; _builder_version=&#8221;4.21.0&#8243; _module_preset=&#8221;default&#8221; custom_padding=&#8221;0px|0px|0px|0px|false|false&#8221; global_colors_info=&#8221;{}&#8221;][et_pb_video src=&#8221;https:\/\/maisonmartin.net\/wp-content\/uploads\/2023\/05\/maison-martin.mp4&#8243; src_webm=&#8221;https:\/\/maisonmartin.net\/wp-content\/uploads\/2023\/05\/maison-martin_1.webm&#8221; _builder_version=&#8221;4.21.0&#8243; _module_preset=&#8221;default&#8221; width=&#8221;100%&#8221; max_width=&#8221;100%&#8221; min_height=&#8221;100%&#8221; height=&#8221;100%&#8221; max_height=&#8221;100%&#8221; custom_margin=&#8221;0px|0px|0px|0px|false|false&#8221; custom_padding=&#8221;0px|0px|0px|0px|false|false&#8221; global_colors_info=&#8221;{}&#8221;][\/et_pb_video][et_pb_image src=&#8221;https:\/\/maisonmartin.net\/wp-content\/uploads\/2023\/05\/MM-Logo-Blanc.svg&#8221; module_class=&#8221;logo-video&#8221; _builder_version=&#8221;4.21.0&#8243; _module_preset=&#8221;default&#8221; global_colors_info=&#8221;{}&#8221;][\/et_pb_image][\/et_pb_column][\/et_pb_row][\/et_pb_section][et_pb_section fb_built=&#8221;1&#8243; module_class=&#8221;photo-texte&#8221; _builder_version=&#8221;4.21.0&#8243; background_color=&#8221;#FEF0EC&#8221; custom_margin=&#8221;0px||0px||false|false&#8221; custom_padding=&#8221;0px||0px||false|false&#8221; global_colors_info=&#8221;{}&#8221;][et_pb_row column_structure=&#8221;1_2,1_2&#8243; use_custom_gutter=&#8221;on&#8221; gutter_width=&#8221;1&#8243; make_equal=&#8221;on&#8221; _builder_version=&#8221;4.21.0&#8243; background_size=&#8221;initial&#8221; background_position=&#8221;top_left&#8221; background_repeat=&#8221;repeat&#8221; width=&#8221;100%&#8221; max_width=&#8221;100%&#8221; custom_margin=&#8221;0px|0px|0px|0px|false|false&#8221; custom_padding=&#8221;0px|0px|0px|0px|false|false&#8221; global_colors_info=&#8221;{}&#8221;][et_pb_column type=&#8221;1_2&#8243; module_class=&#8221;container-parallax&#8221; _builder_version=&#8221;4.21.0&#8243; _module_preset=&#8221;default&#8221; custom_padding=&#8221;0px|0px|0px|0px|false|false&#8221; global_colors_info=&#8221;{}&#8221;][et_pb_image src=&#8221;https:\/\/maisonmartin.net\/wp-content\/uploads\/2023\/05\/maisonmartin-martin.jpg&#8221; title_text=&#8221;LOB_3899-1&#8243; module_class=&#8221;photo-section-carre parralax&#8221; _builder_version=&#8221;4.21.0&#8243; _module_preset=&#8221;default&#8221; width=&#8221;100%&#8221; max_width=&#8221;100%&#8221; custom_margin=&#8221;|0px||0px|false|false&#8221; custom_padding=&#8221;|0px||0px|false|false&#8221; custom_css_main_element=&#8221;  object-fit: cover;||  object-position: center;&#8221; global_colors_info=&#8221;{}&#8221;][\/et_pb_image][\/et_pb_column][et_pb_column type=&#8221;1_2&#8243; module_class=&#8221;centrer-verticalement&#8221; _builder_version=&#8221;4.21.0&#8243; _module_preset=&#8221;default&#8221; custom_padding=&#8221;0px|0px|0px|0px|false|false&#8221; global_colors_info=&#8221;{}&#8221;][et_pb_text module_class=&#8221;text-carre&#8221; _builder_version=&#8221;4.21.0&#8243; _module_preset=&#8221;default&#8221; text_font=&#8221;Poppins Light||||||||&#8221; text_font_size=&#8221;16px&#8221; text_line_height=&#8221;1.4em&#8221; header_2_font=&#8221;Baskerville Italic||||||||&#8221; header_2_text_color=&#8221;#3C48A3&#8243; header_2_font_size=&#8221;36px&#8221; custom_margin=&#8221;|||7vw|false|false&#8221; custom_margin_tablet=&#8221;|||4vw|false|false&#8221; custom_margin_phone=&#8221;|||4vw|false|false&#8221; custom_margin_last_edited=&#8221;on|phone&#8221; hover_enabled=&#8221;0&#8243; text_font_tablet=&#8221;Poppins Light||||||||&#8221; text_font_phone=&#8221;Poppins Light||||||||&#8221; text_font_last_edited=&#8221;on|tablet&#8221; header_2_font_tablet=&#8221;Baskerville Italic||||||||&#8221; header_2_font_phone=&#8221;Baskerville Italic||||||||&#8221; header_2_font_last_edited=&#8221;on|desktop&#8221; header_2_font_size_tablet=&#8221;25px&#8221; header_2_font_size_phone=&#8221;25px&#8221; header_2_font_size_last_edited=&#8221;on|tablet&#8221; global_colors_info=&#8221;{}&#8221; sticky_enabled=&#8221;0&#8243;]<\/p>\n<h2>Wat is Maison Martin?<\/h2>\n<p>Ik ben Martin, een autodidactische kok, en ik stel u graag Maison Martin voor, mijn <strong>traiteurdienst<\/strong> en mijn diensten als<strong> kok aan huis.<\/strong> Samen met mijn team bieden wij u een authentieke en op maat gemaakte kookervaring waarbij we gebruik maken van verse en kwaliteitsvolle ingredi\u00ebnten.<\/p>\n<p>[\/et_pb_text][et_pb_button button_url=&#8221;@ET-DC@eyJkeW5hbWljIjp0cnVlLCJjb250ZW50IjoicG9zdF9saW5rX3VybF9wYWdlIiwic2V0dGluZ3MiOnsicG9zdF9pZCI6IjIxMCJ9fQ==@&#8221; button_text=&#8221;meer lezen&#8221; module_class=&#8221;cuillere-bleue&#8221; _builder_version=&#8221;4.21.0&#8243; _dynamic_attributes=&#8221;button_url&#8221; _module_preset=&#8221;default&#8221; custom_button=&#8221;on&#8221; button_letter_spacing=&#8221;2px&#8221; button_font=&#8221;Hensler||||||||&#8221; custom_margin=&#8221;1vw|||7vw|false|false&#8221; custom_margin_tablet=&#8221;|||4vw|false|false&#8221; custom_margin_phone=&#8221;|||4vw|false|false&#8221; custom_margin_last_edited=&#8221;on|tablet&#8221; hover_enabled=&#8221;0&#8243; global_colors_info=&#8221;{}&#8221; sticky_enabled=&#8221;0&#8243;][\/et_pb_button][\/et_pb_column][\/et_pb_row][\/et_pb_section][et_pb_section fb_built=&#8221;1&#8243; module_class=&#8221;texte-photo&#8221; _builder_version=&#8221;4.21.0&#8243; background_color=&#8221;#3C48A3&#8243; custom_margin=&#8221;0px||0px||false|false&#8221; custom_padding=&#8221;0px||0px||false|false&#8221; global_colors_info=&#8221;{}&#8221;][et_pb_row column_structure=&#8221;1_2,1_2&#8243; use_custom_gutter=&#8221;on&#8221; gutter_width=&#8221;1&#8243; make_equal=&#8221;on&#8221; _builder_version=&#8221;4.21.0&#8243; background_enable_image=&#8221;off&#8221; background_position=&#8221;top_left&#8221; width=&#8221;100%&#8221; max_width=&#8221;100%&#8221; custom_margin=&#8221;0px|0px|0px|0px|false|false&#8221; custom_padding=&#8221;0px|0px|0px|0px|false|false&#8221; global_colors_info=&#8221;{}&#8221;][et_pb_column type=&#8221;1_2&#8243; module_class=&#8221;centrer-verticalement&#8221; _builder_version=&#8221;4.21.0&#8243; _module_preset=&#8221;default&#8221; background_enable_image=&#8221;off&#8221; background_size=&#8221;contain&#8221; background_position=&#8221;top_center&#8221; background_vertical_offset=&#8221;20%&#8221; global_colors_info=&#8221;{}&#8221;][et_pb_text module_class=&#8221;text-carre&#8221; _builder_version=&#8221;4.21.0&#8243; _module_preset=&#8221;default&#8221; text_font=&#8221;Poppins Light||||||||&#8221; text_text_color=&#8221;#FFFFFF&#8221; text_font_size=&#8221;16px&#8221; text_line_height=&#8221;1.4em&#8221; header_2_font=&#8221;Baskerville Italic||||||||&#8221; header_2_text_color=&#8221;#FFFFFF&#8221; header_2_font_size=&#8221;36px&#8221; custom_margin=&#8221;|||14vw|false|false&#8221; custom_margin_tablet=&#8221;|||4vw|false|false&#8221; custom_margin_phone=&#8221;|||4vw|false|false&#8221; custom_margin_last_edited=&#8221;on|tablet&#8221; hover_enabled=&#8221;0&#8243; text_font_tablet=&#8221;Poppins Light||||||||&#8221; text_font_phone=&#8221;Poppins Light||||||||&#8221; text_font_last_edited=&#8221;on|desktop&#8221; header_font_size_tablet=&#8221;25px&#8221; header_font_size_phone=&#8221;25px&#8221; header_font_size_last_edited=&#8221;on|tablet&#8221; header_2_font_size_tablet=&#8221;25px&#8221; header_2_font_size_phone=&#8221;25px&#8221; header_2_font_size_last_edited=&#8221;on|tablet&#8221; global_colors_info=&#8221;{}&#8221; sticky_enabled=&#8221;0&#8243;]<\/p>\n<h2>Onze waarden<\/h2>\n<p>Onze missie is u een onvergetelijke culinaire ervaring te bieden die uw zinnen en emoties zal prikkelen. Wij concentreren ons op de kwaliteit van onze producten en diensten, maar ook en vooral op de waarden die wij verdedigen: huisgemaakt, vertrouwen, emotie en maatwerk.<\/p>\n<p>[\/et_pb_text][et_pb_button button_url=&#8221;@ET-DC@eyJkeW5hbWljIjp0cnVlLCJjb250ZW50IjoicG9zdF9saW5rX3VybF9wYWdlIiwic2V0dGluZ3MiOnsicG9zdF9pZCI6IjIxNCJ9fQ==@&#8221; button_text=&#8221;meer lezen&#8221; module_class=&#8221;cuillere-blanche&#8221; _builder_version=&#8221;4.21.0&#8243; _dynamic_attributes=&#8221;button_url&#8221; _module_preset=&#8221;default&#8221; custom_button=&#8221;on&#8221; button_text_color=&#8221;#FFFFFF&#8221; button_letter_spacing=&#8221;2px&#8221; button_font=&#8221;Hensler||||||||&#8221; custom_margin=&#8221;1vw|||14vw|false|false&#8221; custom_margin_tablet=&#8221;2vw|||4vw|false|false&#8221; custom_margin_phone=&#8221;3vw|||4vw|false|false&#8221; custom_margin_last_edited=&#8221;on|tablet&#8221; hover_enabled=&#8221;0&#8243; global_colors_info=&#8221;{}&#8221; sticky_enabled=&#8221;0&#8243;][\/et_pb_button][\/et_pb_column][et_pb_column type=&#8221;1_2&#8243; module_class=&#8221;container-parallax&#8221; _builder_version=&#8221;4.21.0&#8243; _module_preset=&#8221;default&#8221; global_colors_info=&#8221;{}&#8221;][et_pb_image src=&#8221;https:\/\/maisonmartin.net\/wp-content\/uploads\/2023\/05\/home-nos-valeurs.jpg&#8221; module_class=&#8221;parralax&#8221; _builder_version=&#8221;4.21.0&#8243; _module_preset=&#8221;default&#8221; width=&#8221;100%&#8221; max_width=&#8221;100%&#8221; custom_margin=&#8221;|||0px|false|false&#8221; custom_padding=&#8221;|||0px|false|false&#8221; global_colors_info=&#8221;{}&#8221;][\/et_pb_image][\/et_pb_column][\/et_pb_row][\/et_pb_section][et_pb_section fb_built=&#8221;1&#8243; module_class=&#8221;photo-texte&#8221; _builder_version=&#8221;4.21.0&#8243; background_color=&#8221;#FEF0EC&#8221; custom_margin=&#8221;0px||0px||false|false&#8221; custom_padding=&#8221;0px||0px||false|false&#8221; global_colors_info=&#8221;{}&#8221;][et_pb_row column_structure=&#8221;1_2,1_2&#8243; use_custom_gutter=&#8221;on&#8221; gutter_width=&#8221;1&#8243; make_equal=&#8221;on&#8221; _builder_version=&#8221;4.21.0&#8243; background_size=&#8221;initial&#8221; background_position=&#8221;top_left&#8221; background_repeat=&#8221;repeat&#8221; width=&#8221;100%&#8221; max_width=&#8221;100%&#8221; custom_margin=&#8221;0px|0px|0px|0px|false|false&#8221; custom_padding=&#8221;0px|0px|0px|0px|false|false&#8221; global_colors_info=&#8221;{}&#8221;][et_pb_column type=&#8221;1_2&#8243; module_class=&#8221;container-parallax&#8221; _builder_version=&#8221;4.21.0&#8243; _module_preset=&#8221;default&#8221; custom_padding=&#8221;0px|0px|0px|0px|false|false&#8221; global_colors_info=&#8221;{}&#8221;][et_pb_image src=&#8221;https:\/\/maisonmartin.net\/wp-content\/uploads\/2023\/05\/home-nos-services.jpg&#8221; title_text=&#8221;LOB_3899-1&#8243; module_class=&#8221;photo-section-carre parralax&#8221; _builder_version=&#8221;4.21.0&#8243; _module_preset=&#8221;default&#8221; width=&#8221;100%&#8221; max_width=&#8221;100%&#8221; custom_margin=&#8221;|0px||0px|false|false&#8221; custom_padding=&#8221;|0px||0px|false|false&#8221; custom_css_main_element=&#8221;  object-fit: cover;||  object-position: center;&#8221; global_colors_info=&#8221;{}&#8221;][\/et_pb_image][\/et_pb_column][et_pb_column type=&#8221;1_2&#8243; module_class=&#8221;centrer-verticalement&#8221; _builder_version=&#8221;4.21.0&#8243; _module_preset=&#8221;default&#8221; custom_padding=&#8221;0px|0px|0px|0px|false|false&#8221; global_colors_info=&#8221;{}&#8221;][et_pb_text module_class=&#8221;text-carre&#8221; _builder_version=&#8221;4.21.0&#8243; _module_preset=&#8221;default&#8221; text_font=&#8221;Poppins Light||||||||&#8221; text_font_size=&#8221;16px&#8221; text_line_height=&#8221;1.4em&#8221; header_2_font=&#8221;Baskerville Italic||||||||&#8221; header_2_text_color=&#8221;#3C48A3&#8243; header_2_font_size=&#8221;36px&#8221; custom_margin=&#8221;|||7vw|false|false&#8221; custom_margin_tablet=&#8221;|||4vw|false|false&#8221; custom_margin_phone=&#8221;|||4vw|false|false&#8221; custom_margin_last_edited=&#8221;on|phone&#8221; hover_enabled=&#8221;0&#8243; text_font_tablet=&#8221;Poppins Light||||||||&#8221; text_font_phone=&#8221;Poppins Light||||||||&#8221; text_font_last_edited=&#8221;on|tablet&#8221; header_2_font_tablet=&#8221;Baskerville Italic||||||||&#8221; header_2_font_phone=&#8221;Baskerville Italic||||||||&#8221; header_2_font_last_edited=&#8221;on|desktop&#8221; header_2_font_size_tablet=&#8221;25px&#8221; header_2_font_size_phone=&#8221;25px&#8221; header_2_font_size_last_edited=&#8221;on|tablet&#8221; global_colors_info=&#8221;{}&#8221; sticky_enabled=&#8221;0&#8243;]<\/p>\n<h2>Onze diensten<\/h2>\n<p>Maison Martin is d\u00e9 cateringdienst bij uitstek voor uw priv\u00e9 en professionele evenementen. Bij u thuis, in onze Salons Martin of in \u00e9\u00e9n van onze partnerlocaties stellen wij graag een uniek menu samen dat perfect aansluit bij uw wensen, uw smaak en uw budget.<\/p>\n<p>[\/et_pb_text][et_pb_button button_url=&#8221;@ET-DC@eyJkeW5hbWljIjp0cnVlLCJjb250ZW50IjoicG9zdF9saW5rX3VybF9wYWdlIiwic2V0dGluZ3MiOnsicG9zdF9pZCI6IjIxNiJ9fQ==@&#8221; button_text=&#8221;meer lezen&#8221; module_class=&#8221;cuillere-bleue&#8221; _builder_version=&#8221;4.21.0&#8243; _dynamic_attributes=&#8221;button_url&#8221; _module_preset=&#8221;default&#8221; custom_button=&#8221;on&#8221; button_letter_spacing=&#8221;2px&#8221; button_font=&#8221;Hensler||||||||&#8221; custom_margin=&#8221;1vw|||7vw|false|false&#8221; custom_margin_tablet=&#8221;|||4vw|false|false&#8221; custom_margin_phone=&#8221;|||4vw|false|false&#8221; custom_margin_last_edited=&#8221;on|tablet&#8221; hover_enabled=&#8221;0&#8243; global_colors_info=&#8221;{}&#8221; sticky_enabled=&#8221;0&#8243;][\/et_pb_button][\/et_pb_column][\/et_pb_row][\/et_pb_section][et_pb_section fb_built=&#8221;1&#8243; module_class=&#8221;texte-photo&#8221; _builder_version=&#8221;4.21.0&#8243; background_color=&#8221;#3C48A3&#8243; custom_margin=&#8221;0px||0px||false|false&#8221; custom_padding=&#8221;0px||0px||false|false&#8221; global_colors_info=&#8221;{}&#8221;][et_pb_row column_structure=&#8221;1_2,1_2&#8243; use_custom_gutter=&#8221;on&#8221; gutter_width=&#8221;1&#8243; make_equal=&#8221;on&#8221; _builder_version=&#8221;4.21.0&#8243; background_enable_image=&#8221;off&#8221; background_position=&#8221;top_left&#8221; width=&#8221;100%&#8221; max_width=&#8221;100%&#8221; custom_margin=&#8221;0px|0px|0px|0px|false|false&#8221; custom_padding=&#8221;0px|0px|0px|0px|false|false&#8221; global_colors_info=&#8221;{}&#8221;][et_pb_column type=&#8221;1_2&#8243; module_class=&#8221;centrer-verticalement&#8221; _builder_version=&#8221;4.21.0&#8243; _module_preset=&#8221;default&#8221; background_enable_image=&#8221;off&#8221; background_size=&#8221;contain&#8221; background_position=&#8221;top_center&#8221; background_vertical_offset=&#8221;20%&#8221; global_colors_info=&#8221;{}&#8221;][et_pb_text module_class=&#8221;text-carre&#8221; _builder_version=&#8221;4.21.0&#8243; _module_preset=&#8221;default&#8221; text_font=&#8221;Poppins Light||||||||&#8221; text_text_color=&#8221;#FFFFFF&#8221; text_font_size=&#8221;16px&#8221; text_line_height=&#8221;1.4em&#8221; header_2_font=&#8221;Baskerville Italic||||||||&#8221; header_2_text_color=&#8221;#FFFFFF&#8221; header_2_font_size=&#8221;36px&#8221; custom_margin=&#8221;|||14vw|false|false&#8221; custom_margin_tablet=&#8221;|||4vw|false|false&#8221; custom_margin_phone=&#8221;|||4vw|false|false&#8221; custom_margin_last_edited=&#8221;on|tablet&#8221; hover_enabled=&#8221;0&#8243; text_font_tablet=&#8221;Poppins Light||||||||&#8221; text_font_phone=&#8221;Poppins Light||||||||&#8221; text_font_last_edited=&#8221;on|desktop&#8221; header_font_size_tablet=&#8221;25px&#8221; header_font_size_phone=&#8221;25px&#8221; header_font_size_last_edited=&#8221;on|tablet&#8221; header_2_font_size_tablet=&#8221;25px&#8221; header_2_font_size_phone=&#8221;25px&#8221; header_2_font_size_last_edited=&#8221;on|tablet&#8221; global_colors_info=&#8221;{}&#8221; sticky_enabled=&#8221;0&#8243;]<\/p>\n<h2>Onze zalen<\/h2>\n<p>Wij stellen onze culinaire knowhow te uwer beschikking, bij u thuis of in de receptiezalen waar wij altijd welkom zijn. Daarnaast hebt u ook altijd de mogelijkheid om exclusieve toegang te krijgen tot onze Salons Martin in de Louizalaan, waar u van een uitzonderlijke service geniet.<\/p>\n<p>[\/et_pb_text][et_pb_button button_url=&#8221;@ET-DC@eyJkeW5hbWljIjp0cnVlLCJjb250ZW50IjoicG9zdF9saW5rX3VybF9wYWdlIiwic2V0dGluZ3MiOnsicG9zdF9pZCI6Ijg5MSJ9fQ==@&#8221; button_text=&#8221;meer lezen&#8221; module_class=&#8221;cuillere-blanche&#8221; _builder_version=&#8221;4.21.0&#8243; _dynamic_attributes=&#8221;button_url&#8221; _module_preset=&#8221;default&#8221; custom_button=&#8221;on&#8221; button_text_color=&#8221;#FFFFFF&#8221; button_letter_spacing=&#8221;2px&#8221; button_font=&#8221;Hensler||||||||&#8221; custom_margin=&#8221;1vw|||14vw|false|false&#8221; custom_margin_tablet=&#8221;1vw|||4vw|false|false&#8221; custom_margin_phone=&#8221;3vw|||4vw|false|false&#8221; custom_margin_last_edited=&#8221;on|tablet&#8221; hover_enabled=&#8221;0&#8243; global_colors_info=&#8221;{}&#8221; sticky_enabled=&#8221;0&#8243;][\/et_pb_button][\/et_pb_column][et_pb_column type=&#8221;1_2&#8243; module_class=&#8221;container-parallax&#8221; _builder_version=&#8221;4.21.0&#8243; _module_preset=&#8221;default&#8221; global_colors_info=&#8221;{}&#8221;][et_pb_image src=&#8221;https:\/\/maisonmartin.net\/wp-content\/uploads\/2023\/05\/academie-3.jpg&#8221; module_class=&#8221;parralax&#8221; _builder_version=&#8221;4.21.0&#8243; _module_preset=&#8221;default&#8221; width=&#8221;100%&#8221; max_width=&#8221;100%&#8221; custom_margin=&#8221;|||0px|false|false&#8221; custom_padding=&#8221;|||0px|false|false&#8221; global_colors_info=&#8221;{}&#8221;][\/et_pb_image][\/et_pb_column][\/et_pb_row][\/et_pb_section][et_pb_section fb_built=&#8221;1&#8243; _builder_version=&#8221;4.21.0&#8243; _module_preset=&#8221;default&#8221; global_colors_info=&#8221;{}&#8221;][et_pb_row _builder_version=&#8221;4.21.0&#8243; _module_preset=&#8221;default&#8221; width=&#8221;100%&#8221; max_width=&#8221;100%&#8221; module_alignment=&#8221;center&#8221; custom_padding=&#8221;4vw||2.6vw||false|false&#8221; global_colors_info=&#8221;{}&#8221;][et_pb_column type=&#8221;4_4&#8243; _builder_version=&#8221;4.21.0&#8243; _module_preset=&#8221;default&#8221; global_colors_info=&#8221;{}&#8221;][et_pb_image src=&#8221;https:\/\/maisonmartin.net\/wp-content\/uploads\/2023\/05\/instagram-logo.svg&#8221; module_class=&#8221;logo-instagram-feed&#8221; _builder_version=&#8221;4.21.0&#8243; _module_preset=&#8221;default&#8221; width=&#8221;3.6vw&#8221; width_tablet=&#8221;10.6vw&#8221; width_phone=&#8221;10.6vw&#8221; width_last_edited=&#8221;on|tablet&#8221; custom_margin=&#8221;|auto||auto|false|false&#8221; global_colors_info=&#8221;{}&#8221;][\/et_pb_image][\/et_pb_column][\/et_pb_row][et_pb_row _builder_version=&#8221;4.21.0&#8243; _module_preset=&#8221;default&#8221; module_alignment=&#8221;center&#8221; global_colors_info=&#8221;{}&#8221;][et_pb_column type=&#8221;4_4&#8243; _builder_version=&#8221;4.21.0&#8243; _module_preset=&#8221;default&#8221; global_colors_info=&#8221;{}&#8221;][dif_instagram_carousel access_token=&#8221;IGQVJVRjlJNEhHdGxQNUZAGZA2d3NG1wSEIwVzJ5MTlGeWNmXzFSdzlLQV96di1qLXZAlSTdpdndKUHhrMThTazA3MmRqY0FzLXpjT3BUZA3ZAmS1ZANVE5lQjRHV1JOWVhuUFczZAm0xMVJR&#8221; use_nav=&#8221;off&#8221; is_variable_width=&#8221;on&#8221; is_center=&#8221;on&#8221; center_mode_type=&#8221;highlighted&#8221; disabled_on=&#8221;on|on|on&#8221; _builder_version=&#8221;4.21.0&#8243; _module_preset=&#8221;default&#8221; disabled=&#8221;on&#8221; global_colors_info=&#8221;{}&#8221;][\/dif_instagram_carousel][dif_instagram_carousel access_token=&#8221;IGQVJVRjlJNEhHdGxQNUZAGZA2d3NG1wSEIwVzJ5MTlGeWNmXzFSdzlLQV96di1qLXZAlSTdpdndKUHhrMThTazA3MmRqY0FzLXpjT3BUZA3ZAmS1ZANVE5lQjRHV1JOWVhuUFczZAm0xMVJR&#8221; use_nav=&#8221;off&#8221; is_variable_width=&#8221;on&#8221; is_center=&#8221;on&#8221; center_mode_type=&#8221;highlighted&#8221; _builder_version=&#8221;4.21.0&#8243; _module_preset=&#8221;default&#8221; global_colors_info=&#8221;{}&#8221;][\/dif_instagram_carousel][\/et_pb_column][\/et_pb_row][\/et_pb_section]<\/p>\n","protected":false},"excerpt":{"rendered":"<p>Wat is Maison Martin? Ik ben Martin, een autodidactische kok, en ik stel u graag Maison Martin voor, mijn traiteurdienst en mijn diensten als kok aan huis. Samen met mijn team bieden wij u een authentieke en op maat gemaakte kookervaring waarbij we gebruik maken van verse en kwaliteitsvolle ingredi\u00ebnten.Onze waarden Onze missie is u [&hellip;]<\/p>\n","protected":false},"author":2,"featured_media":0,"parent":0,"menu_order":0,"comment_status":"closed","ping_status":"closed","template":"","meta":{"_et_pb_use_builder":"on","_et_pb_old_content":"","_et_gb_content_width":"","footnotes":""},"class_list":["post-1179","page","type-page","status-publish","hentry"],"_links":{"self":[{"href":"https:\/\/maisonmartin.net\/nl\/wp-json\/wp\/v2\/pages\/1179","targetHints":{"allow":["GET"]}}],"collection":[{"href":"https:\/\/maisonmartin.net\/nl\/wp-json\/wp\/v2\/pages"}],"about":[{"href":"https:\/\/maisonmartin.net\/nl\/wp-json\/wp\/v2\/types\/page"}],"author":[{"embeddable":true,"href":"https:\/\/maisonmartin.net\/nl\/wp-json\/wp\/v2\/users\/2"}],"replies":[{"embeddable":true,"href":"https:\/\/maisonmartin.net\/nl\/wp-json\/wp\/v2\/comments?post=1179"}],"version-history":[{"count":2,"href":"https:\/\/maisonmartin.net\/nl\/wp-json\/wp\/v2\/pages\/1179\/revisions"}],"predecessor-version":[{"id":1183,"href":"https:\/\/maisonmartin.net\/nl\/wp-json\/wp\/v2\/pages\/1179\/revisions\/1183"}],"wp:attachment":[{"href":"https:\/\/maisonmartin.net\/nl\/wp-json\/wp\/v2\/media?parent=1179"}],"curies":[{"name":"wp","href":"https:\/\/api.w.org\/{rel}","templated":true}]}}