{"id":1196,"date":"2023-05-17T15:46:53","date_gmt":"2023-05-17T13:46:53","guid":{"rendered":"https:\/\/maisonmartin.net\/nos-salles\/"},"modified":"2023-05-26T16:40:43","modified_gmt":"2023-05-26T14:40:43","slug":"nos-salles","status":"publish","type":"page","link":"https:\/\/maisonmartin.net\/nl\/nos-salles\/","title":{"rendered":"Onze zalen"},"content":{"rendered":"<p>[et_pb_section fb_built=&#8221;1&#8243; _builder_version=&#8221;4.21.0&#8243; custom_margin=&#8221;0px||0px||false|false&#8221; custom_padding=&#8221;0px||0px||false|false&#8221; locked=&#8221;off&#8221; global_colors_info=&#8221;{}&#8221;][et_pb_row _builder_version=&#8221;4.21.0&#8243; background_size=&#8221;initial&#8221; background_position=&#8221;top_left&#8221; background_repeat=&#8221;repeat&#8221; width=&#8221;100%&#8221; max_width=&#8221;100%&#8221; module_alignment=&#8221;center&#8221; custom_margin=&#8221;0px|0px|0px|0px|false|false&#8221; custom_padding=&#8221;0px|0px|0px|0px|false|false&#8221; global_colors_info=&#8221;{}&#8221;][et_pb_column type=&#8221;4_4&#8243; _builder_version=&#8221;4.21.0&#8243; _module_preset=&#8221;default&#8221; custom_padding=&#8221;0px|0px|0px|0px|false|false&#8221; global_colors_info=&#8221;{}&#8221;][et_pb_image src=&#8221;https:\/\/maisonmartin.net\/wp-content\/uploads\/2023\/05\/header-1.jpg&#8221; _builder_version=&#8221;4.21.0&#8243; _module_preset=&#8221;default&#8221; width=&#8221;100%&#8221; max_width=&#8221;100%&#8221; module_alignment=&#8221;center&#8221; global_colors_info=&#8221;{}&#8221;][\/et_pb_image][\/et_pb_column][\/et_pb_row][\/et_pb_section][et_pb_section fb_built=&#8221;1&#8243; module_class=&#8221;texte-centre&#8221; _builder_version=&#8221;4.21.0&#8243; background_color=&#8221;#FEF0EC&#8221; custom_margin=&#8221;0px||0px||false|false&#8221; custom_padding=&#8221;0px||0px||false|false&#8221; locked=&#8221;off&#8221; global_colors_info=&#8221;{}&#8221;][et_pb_row _builder_version=&#8221;4.21.0&#8243; background_size=&#8221;initial&#8221; background_position=&#8221;top_left&#8221; background_repeat=&#8221;repeat&#8221; custom_margin=&#8221;0px||0px||false|false&#8221; custom_padding=&#8221;0px||0px||false|false&#8221; global_colors_info=&#8221;{}&#8221;][et_pb_column type=&#8221;4_4&#8243; _builder_version=&#8221;4.21.0&#8243; _module_preset=&#8221;default&#8221; custom_padding=&#8221;0px||0px||false|false&#8221; global_colors_info=&#8221;{}&#8221;][et_pb_text module_class=&#8221;texte-full&#8221; _builder_version=&#8221;4.21.0&#8243; _module_preset=&#8221;default&#8221; text_font=&#8221;Baskerville Italic||||||||&#8221; text_text_color=&#8221;#3C48A3&#8243; text_font_size=&#8221;22px&#8221; header_font=&#8221;Baskerville Italic||||||||&#8221; header_text_color=&#8221;#3C48A3&#8243; header_font_size=&#8221;42px&#8221; header_line_height=&#8221;1.9em&#8221; header_2_font=&#8221;Baskerville Italic||||||||&#8221; header_2_text_color=&#8221;#3C48A3&#8243; header_2_font_size=&#8221;42px&#8221; header_2_line_height=&#8221;1.9em&#8221; width=&#8221;50vw&#8221; width_tablet=&#8221;80vw&#8221; width_phone=&#8221;80vw&#8221; width_last_edited=&#8221;on|tablet&#8221; module_alignment=&#8221;center&#8221; custom_margin=&#8221;2vw||4vw||false|false&#8221; hover_enabled=&#8221;0&#8243; global_colors_info=&#8221;{}&#8221; sticky_enabled=&#8221;0&#8243;]<\/p>\n<h2 style=\"text-align: center;\">Salons Maison Martin<\/h2>\n<p class=\"p1\" style=\"text-align: center;\">Louizalaan 345, 1000 Brussel<\/p>\n<p style=\"text-align: center;\">\u00ab Laat u onderdompelen in de uitzonderlijke sfeer van dit herenhuis, dat wij met veel plezier ter beschikking stellen voor geraffineerde en tijdloze priv\u00e9-recepties. Een lichtrijke receptiezaal, een intiem boudoir en een groene tuin zijn de troeven die u zeker zullen verleiden. \u00bb<\/p>\n<p>[\/et_pb_text][et_pb_button button_url=&#8221;https:\/\/maisonmartin.net\/wp-content\/uploads\/2023\/05\/plaquette-prix-salons.pdf&#8221; url_new_window=&#8221;on&#8221; button_text=&#8221;meer lezen&#8221; button_alignment=&#8221;center&#8221; module_class=&#8221;cuillere-bleue&#8221; _builder_version=&#8221;4.21.0&#8243; _module_preset=&#8221;default&#8221; custom_button=&#8221;on&#8221; button_text_color=&#8221;#3C48A3&#8243; button_letter_spacing=&#8221;2px&#8221; button_font=&#8221;Hensler||||||||&#8221; custom_margin=&#8221;||4vw||false|false&#8221; hover_enabled=&#8221;0&#8243; locked=&#8221;off&#8221; global_colors_info=&#8221;{}&#8221; sticky_enabled=&#8221;0&#8243;][\/et_pb_button][\/et_pb_column][\/et_pb_row][\/et_pb_section][et_pb_section fb_built=&#8221;1&#8243; _builder_version=&#8221;4.21.0&#8243; _module_preset=&#8221;default&#8221; locked=&#8221;off&#8221; global_colors_info=&#8221;{}&#8221;][et_pb_row _builder_version=&#8221;4.21.0&#8243; _module_preset=&#8221;default&#8221; global_colors_info=&#8221;{}&#8221;][et_pb_column type=&#8221;4_4&#8243; _builder_version=&#8221;4.21.0&#8243; _module_preset=&#8221;default&#8221; global_colors_info=&#8221;{}&#8221;][et_pb_slider arrows_custom_color=&#8221;#3C48A3&#8243; dot_nav_custom_color=&#8221;#3C48A3&#8243; _builder_version=&#8221;4.21.0&#8243; _module_preset=&#8221;default&#8221; background_color=&#8221;#FFFFFF&#8221; width=&#8221;100%&#8221; module_alignment=&#8221;center&#8221; min_height=&#8221;60vh&#8221; height=&#8221;60vh&#8221; global_colors_info=&#8221;{}&#8221;][et_pb_slide _builder_version=&#8221;4.21.0&#8243; _module_preset=&#8221;default&#8221; background_color=&#8221;#FFFFFF&#8221; background_enable_color=&#8221;on&#8221; background_image=&#8221;https:\/\/maisonmartin.net\/wp-content\/uploads\/2023\/05\/academie-2.jpg&#8221; background_enable_image=&#8221;on&#8221; global_colors_info=&#8221;{}&#8221; sticky_transition=&#8221;on&#8221;][\/et_pb_slide][et_pb_slide _builder_version=&#8221;4.21.0&#8243; _module_preset=&#8221;default&#8221; background_color=&#8221;#FFFFFF&#8221; background_enable_color=&#8221;on&#8221; background_image=&#8221;https:\/\/maisonmartin.net\/wp-content\/uploads\/2023\/05\/academie-3.jpg&#8221; background_enable_image=&#8221;on&#8221; global_colors_info=&#8221;{}&#8221; sticky_transition=&#8221;on&#8221;][\/et_pb_slide][et_pb_slide _builder_version=&#8221;4.21.0&#8243; _module_preset=&#8221;default&#8221; background_image=&#8221;https:\/\/maisonmartin.net\/wp-content\/uploads\/2023\/05\/academie-5.jpg&#8221; background_enable_image=&#8221;on&#8221; global_colors_info=&#8221;{}&#8221; sticky_transition=&#8221;on&#8221;][\/et_pb_slide][et_pb_slide _builder_version=&#8221;4.21.0&#8243; _module_preset=&#8221;default&#8221; background_image=&#8221;https:\/\/maisonmartin.net\/wp-content\/uploads\/2023\/05\/academie-7.jpg&#8221; background_enable_image=&#8221;on&#8221; global_colors_info=&#8221;{}&#8221; sticky_transition=&#8221;on&#8221;][\/et_pb_slide][\/et_pb_slider][\/et_pb_column][\/et_pb_row][\/et_pb_section][et_pb_section fb_built=&#8221;1&#8243; module_class=&#8221;texte-centre&#8221; _builder_version=&#8221;4.21.0&#8243; background_color=&#8221;#FEF0EC&#8221; custom_margin=&#8221;0px||0px||false|false&#8221; custom_padding=&#8221;0px||0px||false|false&#8221; locked=&#8221;off&#8221; global_colors_info=&#8221;{}&#8221;][et_pb_row _builder_version=&#8221;4.21.0&#8243; background_size=&#8221;initial&#8221; background_position=&#8221;top_left&#8221; background_repeat=&#8221;repeat&#8221; custom_margin=&#8221;0px||0px||false|false&#8221; custom_padding=&#8221;0px||0px||false|false&#8221; global_colors_info=&#8221;{}&#8221;][et_pb_column type=&#8221;4_4&#8243; _builder_version=&#8221;4.21.0&#8243; _module_preset=&#8221;default&#8221; custom_padding=&#8221;0px||0px||false|false&#8221; global_colors_info=&#8221;{}&#8221;][et_pb_text module_class=&#8221;texte-full&#8221; _builder_version=&#8221;4.21.0&#8243; _module_preset=&#8221;default&#8221; text_font=&#8221;Baskerville Italic||||||||&#8221; text_text_color=&#8221;#3C48A3&#8243; text_font_size=&#8221;22px&#8221; header_font=&#8221;Baskerville Italic||||||||&#8221; header_text_color=&#8221;#3C48A3&#8243; header_font_size=&#8221;42px&#8221; header_line_height=&#8221;1.9em&#8221; header_2_font=&#8221;Baskerville Italic||||||||&#8221; header_2_text_color=&#8221;#3C48A3&#8243; header_2_font_size=&#8221;42px&#8221; header_2_line_height=&#8221;1.9em&#8221; width=&#8221;50vw&#8221; width_tablet=&#8221;80vw&#8221; width_phone=&#8221;80vw&#8221; width_last_edited=&#8221;on|tablet&#8221; module_alignment=&#8221;center&#8221; custom_margin=&#8221;2vw||2vw||false|false&#8221; hover_enabled=&#8221;0&#8243; global_colors_info=&#8221;{}&#8221; sticky_enabled=&#8221;0&#8243;]<\/p>\n<h2 style=\"text-align: center;\">Seventy-Eight<\/h2>\n<p style=\"text-align: center;\">De Seventy-Eight staat in de Europese wijk en is een eclectische locatie in een particulier herenhuis uit 1860 dat sinds 1995 op de erfgoedlijst staat.<br \/>Wetstraat 78 1000 Brussel<\/p>\n<p>[\/et_pb_text][et_pb_button button_url=&#8221;https:\/\/www.seventy-eight.brussels\/&#8221; url_new_window=&#8221;on&#8221; button_text=&#8221;meer lezen&#8221; button_alignment=&#8221;center&#8221; module_class=&#8221;cuillere-bleue&#8221; _builder_version=&#8221;4.21.0&#8243; _module_preset=&#8221;default&#8221; custom_button=&#8221;on&#8221; button_text_color=&#8221;#3C48A3&#8243; button_letter_spacing=&#8221;2px&#8221; button_font=&#8221;Hensler||||||||&#8221; custom_margin=&#8221;||4vw||false|false&#8221; hover_enabled=&#8221;0&#8243; global_colors_info=&#8221;{}&#8221; sticky_enabled=&#8221;0&#8243;][\/et_pb_button][\/et_pb_column][\/et_pb_row][\/et_pb_section][et_pb_section fb_built=&#8221;1&#8243; _builder_version=&#8221;4.21.0&#8243; _module_preset=&#8221;default&#8221; locked=&#8221;off&#8221; global_colors_info=&#8221;{}&#8221;][et_pb_row _builder_version=&#8221;4.21.0&#8243; _module_preset=&#8221;default&#8221; global_colors_info=&#8221;{}&#8221;][et_pb_column type=&#8221;4_4&#8243; _builder_version=&#8221;4.21.0&#8243; _module_preset=&#8221;default&#8221; global_colors_info=&#8221;{}&#8221;][et_pb_slider arrows_custom_color=&#8221;#3C48A3&#8243; dot_nav_custom_color=&#8221;#3C48A3&#8243; _builder_version=&#8221;4.21.0&#8243; _module_preset=&#8221;default&#8221; background_color=&#8221;#FFFFFF&#8221; width=&#8221;100%&#8221; module_alignment=&#8221;center&#8221; min_height=&#8221;60vh&#8221; height=&#8221;60vh&#8221; global_colors_info=&#8221;{}&#8221;][et_pb_slide _builder_version=&#8221;4.21.0&#8243; _module_preset=&#8221;default&#8221; background_color=&#8221;#FFFFFF&#8221; background_enable_color=&#8221;on&#8221; background_image=&#8221;https:\/\/maisonmartin.net\/wp-content\/uploads\/2023\/05\/78-1.jpg&#8221; background_enable_image=&#8221;on&#8221; global_colors_info=&#8221;{}&#8221; sticky_transition=&#8221;on&#8221;][\/et_pb_slide][et_pb_slide _builder_version=&#8221;4.21.0&#8243; _module_preset=&#8221;default&#8221; background_color=&#8221;#FFFFFF&#8221; background_enable_color=&#8221;on&#8221; background_image=&#8221;https:\/\/maisonmartin.net\/wp-content\/uploads\/2023\/05\/78-2.jpg&#8221; background_enable_image=&#8221;on&#8221; global_colors_info=&#8221;{}&#8221; sticky_transition=&#8221;on&#8221;][\/et_pb_slide][et_pb_slide _builder_version=&#8221;4.21.0&#8243; _module_preset=&#8221;default&#8221; background_image=&#8221;https:\/\/maisonmartin.net\/wp-content\/uploads\/2023\/05\/78-3.jpg&#8221; background_enable_image=&#8221;on&#8221; global_colors_info=&#8221;{}&#8221; sticky_transition=&#8221;on&#8221;][\/et_pb_slide][et_pb_slide _builder_version=&#8221;4.21.0&#8243; _module_preset=&#8221;default&#8221; background_image=&#8221;https:\/\/maisonmartin.net\/wp-content\/uploads\/2023\/05\/78-4.jpg&#8221; background_enable_image=&#8221;on&#8221; global_colors_info=&#8221;{}&#8221; sticky_transition=&#8221;on&#8221;][\/et_pb_slide][\/et_pb_slider][\/et_pb_column][\/et_pb_row][\/et_pb_section][et_pb_section fb_built=&#8221;1&#8243; module_class=&#8221;texte-centre&#8221; _builder_version=&#8221;4.21.0&#8243; background_color=&#8221;#FEF0EC&#8221; custom_margin=&#8221;0px||0px||false|false&#8221; custom_padding=&#8221;0px||0px||false|false&#8221; locked=&#8221;off&#8221; global_colors_info=&#8221;{}&#8221;][et_pb_row _builder_version=&#8221;4.21.0&#8243; background_size=&#8221;initial&#8221; background_position=&#8221;top_left&#8221; background_repeat=&#8221;repeat&#8221; custom_margin=&#8221;0px||0px||false|false&#8221; custom_padding=&#8221;0px||0px||false|false&#8221; global_colors_info=&#8221;{}&#8221;][et_pb_column type=&#8221;4_4&#8243; _builder_version=&#8221;4.21.0&#8243; _module_preset=&#8221;default&#8221; custom_padding=&#8221;0px||0px||false|false&#8221; global_colors_info=&#8221;{}&#8221;][et_pb_text module_class=&#8221;texte-full&#8221; _builder_version=&#8221;4.21.0&#8243; _module_preset=&#8221;default&#8221; text_font=&#8221;Baskerville Italic||||||||&#8221; text_text_color=&#8221;#3C48A3&#8243; text_font_size=&#8221;22px&#8221; header_font=&#8221;Baskerville Italic||||||||&#8221; header_text_color=&#8221;#3C48A3&#8243; header_font_size=&#8221;42px&#8221; header_line_height=&#8221;1.9em&#8221; header_2_font=&#8221;Baskerville Italic||||||||&#8221; header_2_text_color=&#8221;#3C48A3&#8243; header_2_font_size=&#8221;42px&#8221; header_2_line_height=&#8221;1.9em&#8221; width=&#8221;50vw&#8221; width_tablet=&#8221;80vw&#8221; width_phone=&#8221;80vw&#8221; width_last_edited=&#8221;on|tablet&#8221; module_alignment=&#8221;center&#8221; custom_margin=&#8221;2vw||2vw||false|false&#8221; hover_enabled=&#8221;0&#8243; global_colors_info=&#8221;{}&#8221; sticky_enabled=&#8221;0&#8243;]<\/p>\n<h2 style=\"text-align: center;\">Paleis der Academi\u00ebn<\/h2>\n<p style=\"text-align: center;\">Welkom in het Paleis der Academi\u00ebn, een historische plek in neoklassieke stijl, waar de Koninklijke Academi\u00ebn van Belgi\u00eb gehuisvest zijn.<br \/>Hertogstraat 1, 1000 Brussel<\/p>\n<p>[\/et_pb_text][et_pb_button button_url=&#8221;https:\/\/academieroyale.be\/&#8221; url_new_window=&#8221;on&#8221; button_text=&#8221;meer lezen&#8221; button_alignment=&#8221;center&#8221; module_class=&#8221;cuillere-bleue&#8221; _builder_version=&#8221;4.21.0&#8243; _module_preset=&#8221;default&#8221; custom_button=&#8221;on&#8221; button_text_color=&#8221;#3C48A3&#8243; button_letter_spacing=&#8221;2px&#8221; button_font=&#8221;Hensler||||||||&#8221; custom_margin=&#8221;||4vw||false|false&#8221; hover_enabled=&#8221;0&#8243; locked=&#8221;off&#8221; global_colors_info=&#8221;{}&#8221; sticky_enabled=&#8221;0&#8243;][\/et_pb_button][\/et_pb_column][\/et_pb_row][\/et_pb_section][et_pb_section fb_built=&#8221;1&#8243; _builder_version=&#8221;4.21.0&#8243; _module_preset=&#8221;default&#8221; locked=&#8221;off&#8221; global_colors_info=&#8221;{}&#8221;][et_pb_row _builder_version=&#8221;4.21.0&#8243; _module_preset=&#8221;default&#8221; global_colors_info=&#8221;{}&#8221;][et_pb_column type=&#8221;4_4&#8243; _builder_version=&#8221;4.21.0&#8243; _module_preset=&#8221;default&#8221; global_colors_info=&#8221;{}&#8221;][et_pb_slider arrows_custom_color=&#8221;#3C48A3&#8243; dot_nav_custom_color=&#8221;#3C48A3&#8243; _builder_version=&#8221;4.21.0&#8243; _module_preset=&#8221;default&#8221; background_color=&#8221;#FFFFFF&#8221; width=&#8221;100%&#8221; module_alignment=&#8221;center&#8221; min_height=&#8221;60vh&#8221; height=&#8221;60vh&#8221; global_colors_info=&#8221;{}&#8221;][et_pb_slide _builder_version=&#8221;4.21.0&#8243; _module_preset=&#8221;default&#8221; background_color=&#8221;#FFFFFF&#8221; background_enable_color=&#8221;on&#8221; background_image=&#8221;https:\/\/maisonmartin.net\/wp-content\/uploads\/2023\/05\/academie-1.jpg&#8221; background_enable_image=&#8221;on&#8221; global_colors_info=&#8221;{}&#8221; sticky_transition=&#8221;on&#8221;][\/et_pb_slide][et_pb_slide _builder_version=&#8221;4.21.0&#8243; _module_preset=&#8221;default&#8221; background_color=&#8221;#FFFFFF&#8221; background_enable_color=&#8221;on&#8221; background_image=&#8221;https:\/\/maisonmartin.net\/wp-content\/uploads\/2023\/05\/academie-4.jpg&#8221; background_enable_image=&#8221;on&#8221; global_colors_info=&#8221;{}&#8221; sticky_transition=&#8221;on&#8221;][\/et_pb_slide][et_pb_slide _builder_version=&#8221;4.21.0&#8243; _module_preset=&#8221;default&#8221; background_image=&#8221;https:\/\/maisonmartin.net\/wp-content\/uploads\/2023\/05\/academie-6.jpg&#8221; background_enable_image=&#8221;on&#8221; global_colors_info=&#8221;{}&#8221; sticky_transition=&#8221;on&#8221;][\/et_pb_slide][\/et_pb_slider][\/et_pb_column][\/et_pb_row][\/et_pb_section]<\/p>\n","protected":false},"excerpt":{"rendered":"<p>Salons Maison Martin Louizalaan 345, 1000 Brussel \u00ab Laat u onderdompelen in de uitzonderlijke sfeer van dit herenhuis, dat wij met veel plezier ter beschikking stellen voor geraffineerde en tijdloze priv\u00e9-recepties. Een lichtrijke receptiezaal, een intiem boudoir en een groene tuin zijn de troeven die u zeker zullen verleiden. \u00bbSeventy-Eight De Seventy-Eight staat in de [&hellip;]<\/p>\n","protected":false},"author":2,"featured_media":0,"parent":0,"menu_order":0,"comment_status":"closed","ping_status":"closed","template":"","meta":{"_et_pb_use_builder":"on","_et_pb_old_content":"","_et_gb_content_width":"","footnotes":""},"class_list":["post-1196","page","type-page","status-publish","hentry"],"_links":{"self":[{"href":"https:\/\/maisonmartin.net\/nl\/wp-json\/wp\/v2\/pages\/1196","targetHints":{"allow":["GET"]}}],"collection":[{"href":"https:\/\/maisonmartin.net\/nl\/wp-json\/wp\/v2\/pages"}],"about":[{"href":"https:\/\/maisonmartin.net\/nl\/wp-json\/wp\/v2\/types\/page"}],"author":[{"embeddable":true,"href":"https:\/\/maisonmartin.net\/nl\/wp-json\/wp\/v2\/users\/2"}],"replies":[{"embeddable":true,"href":"https:\/\/maisonmartin.net\/nl\/wp-json\/wp\/v2\/comments?post=1196"}],"version-history":[{"count":2,"href":"https:\/\/maisonmartin.net\/nl\/wp-json\/wp\/v2\/pages\/1196\/revisions"}],"predecessor-version":[{"id":1200,"href":"https:\/\/maisonmartin.net\/nl\/wp-json\/wp\/v2\/pages\/1196\/revisions\/1200"}],"wp:attachment":[{"href":"https:\/\/maisonmartin.net\/nl\/wp-json\/wp\/v2\/media?parent=1196"}],"curies":[{"name":"wp","href":"https:\/\/api.w.org\/{rel}","templated":true}]}}